{"id":19,"date":"2016-11-27T04:44:03","date_gmt":"2016-11-27T04:44:03","guid":{"rendered":"http:\/\/localhost:3000\/?page_id=19"},"modified":"2018-12-18T06:19:34","modified_gmt":"2018-12-18T05:19:34","slug":"algemene-voorwaarden","status":"publish","type":"page","link":"https:\/\/vmeier.nl\/en\/algemene-voorwaarden\/","title":{"rendered":"Terms and Conditions"},"content":{"rendered":"<h4>Algemeen<\/h4>\n<p>In deze algemene voorwaarden wordt verstaan onder:<\/p>\n<ul>\n<li>Cli\u00ebnt: de persoon die aan Tandprothetische praktijk hierna te noemen: TP, opdracht heeft gegeven tot het verrichten van tandheelkundige werkzaamheden (behandelingen).<\/li>\n<li>Behandeling: alle behandelingen, zoals in een offerte of te voren aan cli\u00ebnt gestuurde factuur vastgelegd en alle direct met de opdracht van cli\u00ebnt verband houdendehandelingen in de ruimste zin van het woord.<\/li>\n<\/ul>\n<p>&nbsp;<\/p>\n<h4>Toepasselijkheid<\/h4>\n<p>Deze voorwaarden strekken ter verduidelijking ten behoeve van de cli\u00ebnt van de inhoud van de voorwaarden, die gelden bij de uitvoering van de opdracht tussen hem en TP en gelden voor iedere aanbieding en iedere overeenkomst tussen cli\u00ebnt en TP, waarop TP deze voorwaarden van toepassing heeft verklaard. Indien partijen van deze voorwaarden af wensen te wijken, dient dat schriftelijk te zijn vastgelegd.<\/p>\n<p>&nbsp;<\/p>\n<h4>Totstandkoming van de overeenkomst<\/h4>\n<ul>\n<li>De overeenkomst komt in beginsel tot stand op het moment dat de getekende akkoordverklaring\/informed consent door TP ontvangen is.<\/li>\n<li>De door TP gemaakte offertes zijn vrijblijvend; zij zijn geldig gedurende een half jaar na dagtekening, tenzij anders aangegeven.<\/li>\n<\/ul>\n<h4><\/h4>\n<h4>Uitvoering opdracht<\/h4>\n<ul>\n<li>TP zal de overeenkomst naar beste inzicht en vermogen en overeenkomstig de eisen van goed vakmanschap uitvoeren. Zij zal de opdracht uitvoeren, indien en voor zover van toepassing, in overeenstemming met de Gedrags- en Beroepsregels.<\/li>\n<li>TP heeft het recht bepaalde werkzaamheden te laten verrichten door derden, indien en voor zover een goede uitvoering van de overeenkomst dit vereist. TP hoeft daarvoor geen toestemming van cli\u00ebnt te verkrijgen. Cli\u00ebnt heeft in dit geval het recht om de overeenkomst te ontbinden.<\/li>\n<li>Tandheelkundige behandelingen vallen onder medische\/geneeskundige behandelingen. De (tand)arts-protheticus heeft een inspanningsverbintenis en geen resultaatverbintenis.<\/li>\n<\/ul>\n<p>&nbsp;<\/p>\n<h4>Geheimhouding en exclusiviteit<\/h4>\n<ul>\n<li>TP is verplicht tot geheimhouding tegenover derden die niet bij de uitvoering van de opdracht zijn betrokken. Deze geheimhoudingsplicht betreft alle informatie van vertrouwelijke aard die aan TP door cli\u00ebnt ter beschikking zijn gesteld. De verplichting tot geheimhouding geldt niet als op grond van de wet de verplichting bestaat tot openbaarmaking van bepaalde gegevens.<\/li>\n<li>TP is gerechtigd de informatie, die men verkregen heeft, te gebruiken voor statistische of presentatiedoeleinden. TP zal er daarbij voor zorgen dat de informatie niet te herleiden is tot de individuele cli\u00ebnt.<\/li>\n<\/ul>\n<h4><\/h4>\n<h4>Overmacht<\/h4>\n<ul>\n<li>Omstandigheden die de uitvoering van de opdracht verhinderen en die niet aan TP zijn toe te rekenen. Hieronder vallen onder andere: stakingen in andere bedrijven; een onvoorzienbaar tekort aan personeel; een algemeen gebrek aan de benodigde grondstoffen en\/of andere benodigde zaken of diensten die nodig zijn voor het uitvoeren van de opdracht; niet voorzienbare stagnatie bij toeleveranciers of andere derden, waarvan TP afhankelijk is; algemene vervoersproblemen. Deze omstandigheden gelden als voorbeeld van overmacht, voor zover zij de uitvoering van de opdracht onmogelijk maken of onredelijk bemoeilijken.<\/li>\n<li>Als een omstandigheid intreedt, nadat TP haar verplichtingen uit de opdracht al had moeten nakomen, heeft TP nog steeds het recht zich op overmacht te beroepen.<\/li>\n<li>In de periode van overmacht worden de verplichtingen van TP opgeschort. Als die periode langer duurt dan drie maanden, hebben beide partijen het recht de overeenkomst te ontbinden, zonder dat er in dat geval een verplichting tot schadevergoeding bestaat.<\/li>\n<li>Als TP op het moment van intreden van de overmacht al gedeeltelijk aan haar verplichtingen heeft voldaan, heeft zij het recht het reeds uitgevoerde deel afzonderlijk te factureren. Hetzelfde geldt indien TP slechts gedeeltelijk aan haar verplichtingen kan voldoen. Cli\u00ebnt is dan verplicht deze factuur te voldoen alsof het een afzonderlijke opdracht betrof. Deze bepaling geldt echter niet als het reeds uitgevoerde of uitvoerbare deel van de opdracht geen zelfstandige waarde heeft.<\/li>\n<\/ul>\n<p>&nbsp;<\/p>\n<h4>Declaratie<\/h4>\n<ul>\n<li>Voor TP verzorgt soms factoring Services de nota\u2019s. Hierop zijn de betalingsvoorwaarden van bijv. DFA Services van toepassing*, staan vermeld op de achterzijde van de factuur en luiden als volgt:<\/li>\n<li>De door dienstverlener\/toeleverancier gedeclareerde en door DFA Services in rekening gebrachte bedragen voor de dienst\/het product, voortvloeiende uit de levering van de dienst\/ het product aan de debiteur **, zijn direct opeisbaar.\n<ul>\n<li>De debiteur wordt geacht binnen 28 dagen na factuurdatum het volledige bedrag te hebben overgemaakt op de rekening van Stichting Beheer Derdengelden DFA Services. Na deze termijn is de debiteur wettelijk in verzuim en kan DFA Services, zonder verdere ingebrekestelling, de nodige maatregelen nemen om het openstaande bedrag te incasseren.<\/li>\n<li>De debiteur is vanaf het moment van verzuim over het bedrag van de nota administratiekosten en rente verschuldigd.<\/li>\n<li>Wanneer DFA Services genoodzaakt is een onbetaald gelaten factuur ter incasso uit handen te geven aan derden is DFA Services gerechtigd de te maken gerechtelijke en\/of buitengerechtelijke kosten bij de debiteur in rekening te brengen. De buitengerechtelijke kosten worden berekend conform het rapport Voor-werk II van de Nederlandse Vereniging voor Rechtspraak. Deze kosten worden tezamen met de rente in rekening gebracht indien de debiteur binnen 28 dagen na notadatum niet heeft betaald.<\/li>\n<li>Ook als tussen de dienstverlener\/toeleverancier en de debiteur onenigheid bestaat over de gedeclareerde dienst\/het product, is de debiteur gehouden aan de genoemde betaaltermijnen. Vanzelfsprekend zal e.e.a. achteraf gecorrigeerd worden wanneer hiertoe aanleiding is.<\/li>\n<\/ul>\n<\/li>\n<\/ul>\n<p style=\"padding-left: 30px;\"><small>\u00a0 * De betalingsvoorwaarden van DFA Services zijn gedeponeerd in het handelsregister onder nummer 48143.<br \/>\n** Hieronder wordt in voorkomende gevallen mede verstaan de wettelijke vertegenwoordiger van de debiteur.<\/small><\/p>\n<ul>\n<li>Indien nota\u2019s door factorings Services wegens betalingsachterstand niet meer worden geaccepteerd, zal elke vorm van behandeling worden opgeschort.<\/li>\n<\/ul>\n<p>&nbsp;<\/p>\n<h4>Annuleren van afspraken<\/h4>\n<p>Vastgestelde afspraken kunnen kosteloos worden verzet tot maximaal 48 uur voor het geplande tijdstip. Als de cli\u00ebnt niet verschijnt op een afspraak, dan wel te laat annuleert, worden de behandelingskosten aan cli\u00ebnt in rekening gebracht wanneer geen andere pati\u00ebnten konden worden behandeld of andere gehonoreerde werkzaamheden konden worden verricht. De behandelingskosten belopen 30 euro per kwartier voor een tandarts en 15 euro per kwartier voor een mondhygi\u00ebniste.<\/p>\n<p>&nbsp;<\/p>\n<h4>Garantie<\/h4>\n<ul>\n<li>De garantietermijn wordt berekend vanaf de dag van plaatsing van het werkstuk.<\/li>\n<li>Indien een werkstuk onder garantievoorwaarden volledig is vervangen, valt deze vervanging onder de bestaande garantievoorwaarden, waarbij de plaatsingsdatum van het oorspronkelijke werkstuk het geldende aanvangsmoment is voor de garantietermijn.<\/li>\n<li>Reparaties aan werkstukken, welke vallen onder de garantievoorwaarden, vallen onder de bestaande garantievoorwaarden, waarbij de plaatsingsdatum van het oorspronkelijke werkstuk het geldende aanvangsmoment is voor de garantietermijn.<\/li>\n<li>Als voorwaarde voor de garantie geldt dat cli\u00ebnt voor zijn of haar rekening 1x per 6 maanden (of na wederzijdse instemming minimaal jaarlijks) het gebit laat controleren en verzorgen door TP. Bij nalaten van deze controle vervalt de garantie en is TP niet aansprakelijk voor schade, welke cli\u00ebnt mogelijk lijdt.<\/li>\n<li>Defecten en\/of benodigde reparaties aan door TP vervaardigde werkstukken, veroorzaakt door externe invloeden, zoals daar te noemen zijn: ongeval, knarsen, nagelbijten, medicatiegebruik, verandering in de gezondheid van cli\u00ebnt, zwangerschap, roken, gebruik van hormoonpreparaten, osteoporose, e.d. of als de cli\u00ebnt de poetsinstructies en\/of mondhygi\u00ebne niet heeft nageleefd zijn uitgesloten van de garantie.<\/li>\n<li>Cli\u00ebnt is gehouden de poetsinstructies en vereiste mondhygi\u00ebne na te leven en op te volgen. Wanneer tijdens een controle blijkt dat de cli\u00ebnt zich onvoldoende heeft gehouden aan de poetsinstructies en\/of de juiste mondhygi\u00ebne niet heeft nageleefd, kan TP de cli\u00ebnt hiervoor een schriftelijke waarschuwing geven. Bij het verstrekken van een derde waarschuwing vervalt de aanspraak van cli\u00ebnt op de garantie.<\/li>\n<li>Als een element (bestaande tand of kies) of implantaat onder een door TP vervaardigd werkstuk verloren gaat, waardoor het werkstuk mede verloren gaat, heeft de cli\u00ebnt aanspraak op garantie, tenzij het verliezen van dit element te wijten is aan externe invloeden zoals daar te noemen zijn: ongeval, knarsen, medicatiegebruik, verandering in de gezondheid van cli\u00ebnt, zwangerschap, roken, gebruik van hormoonpreparaten, osteoporose, e.d. of als de cli\u00ebnt de poetsinstructies en\/of mondhygi\u00ebne niet heeft nageleefd.<\/li>\n<li>Cli\u00ebnt heeft geen aanspraak op enigerlei financi\u00eble vergoeding wanneer cli\u00ebnt bij een benodigde vervanging of reparatie kiest voor het laten uitvoeren door een andere partij dan TP.<\/li>\n<li>Uitgevoerde controles worden volgens de geldende tarieven (NZA prestatiebeschrijvingen) gefactureerd en worden doorberekend aan de cli\u00ebnt.<\/li>\n<li>Het in overleg met de cli\u00ebnt vervangen van verbruiksartikelen (zoals daar bijvoorbeeld zijn: rubbers van locators, ruiters van een frame, schroefjes bij een all-on-4 prothese) tijdens de controles vallen niet onder de garantie en worden doorberekend aan de cli\u00ebnt.<\/li>\n<li>Het in overleg met de cli\u00ebnt maken van r\u00f6ntgenfoto\u2019s (intra-oraal, OPT) bij controles is niet kosteloos en zal worden doorberekend aan de cli\u00ebnt volgens de geldende tarieven.<\/li>\n<li>Indien een cli\u00ebnt last heeft van knarsen, dient hij\/zij dit aan te geven aan TP. TP kan een knarsplaat vervaardigen voor cli\u00ebnt. Knarsplaten zullen in overleg met de cli\u00ebnt berekend worden volgens de geldende tarieven.<\/li>\n<li>Cli\u00ebnt dient ten alle tijden TP volledig en waarheidsgetrouw te informeren inzake de algemene gezondheid van de cli\u00ebnt en inzake omstandigheden die van invloed kunnen zijn op de behandeling.<\/li>\n<\/ul>\n<p>&nbsp;<\/p>\n<h4>Aansprakelijkheid<\/h4>\n<ul>\n<li>De aansprakelijkheid van TP, zowel voor directe als voor gevolgschade en voor zover deze door haar aansprakelijkheidsverzekering wordt gedekt, is beperkt tot het bedrag van de door verzekeraar gedane uitkering.<\/li>\n<li>Indien de verzekeraar in enig geval niet tot uitkering overgaat, of de schade niet door de verzekering wordt gedekt, is de aansprakelijkheid van TP beperkt tot het bedrag van de factuur.<\/li>\n<li>De beperking van de aansprakelijkheid geldt niet indien de schade te wijten is aan opzet of grove schuld van TP of haar leidinggevenden \/ ondergeschikten.<\/li>\n<li>Rechten op vergoeding wegens aansprakelijkheid, verlopen na 1 jaar nadat het schadeveroorzakende feit zich heeft voorgedaan.<\/li>\n<\/ul>\n<p>&nbsp;<\/p>\n<h4>Reclame<\/h4>\n<ul>\n<li>Klachten over de verrichte werkzaamheden of de factuur dienen door de cli\u00ebnt binnen 30 dagen na ontdekking, doch uiterlijk binnen drie maanden na voltooiing van de betreffende werkzaamheden, schriftelijk te worden gemeld aan TP.<\/li>\n<li>Een klacht, als in het eerste lid bedoeld, schort de betalingsverplichting van de cli\u00ebnt niet op.<\/li>\n<li>Als een klacht gegrond is en herstel mogelijk is, zal TP de werkzaamheden alsnog verrichten, zoals overeengekomen.<\/li>\n<\/ul>\n<p>&nbsp;<\/p>\n<h4>Toepasselijk recht<\/h4>\n<ul>\n<li>Op alle overeenkomsten tussen cli\u00ebnt en TP is het Nederlands recht van toepassing.<\/li>\n<li>Alle geschillen die verband houden met de overeenkomst tussen cli\u00ebnt en TP, waarop deze algemene voorwaarden van toepassing zijn, worden beslecht door de bevoegde rechter in het arrondissement waar TP haar kantoor heeft.<\/li>\n<\/ul>\n<p>&nbsp;<\/p>\n","protected":false},"excerpt":{"rendered":"<p>Algemeen In deze algemene voorwaarden wordt verstaan onder: Cli\u00ebnt: de persoon die aan Tandprothetische praktijk hierna te noemen: TP, opdracht heeft gegeven tot het verrichten van tandheelkundige werkzaamheden (behandelingen). Behandeling: alle behandelingen, zoals in een offerte of te voren aan cli\u00ebnt gestuurde factuur vastgelegd en alle direct met de opdracht van cli\u00ebnt verband houdendehandelingen in [&hellip;]<\/p>\n","protected":false},"author":1,"featured_media":0,"parent":0,"menu_order":0,"comment_status":"closed","ping_status":"closed","template":"","meta":{"_expiration-date-status":"","_expiration-date":0,"_expiration-date-type":"","_expiration-date-categories":[],"_expiration-date-options":[]},"acf":[],"_links":{"self":[{"href":"https:\/\/vmeier.nl\/en\/wp-json\/wp\/v2\/pages\/19"}],"collection":[{"href":"https:\/\/vmeier.nl\/en\/wp-json\/wp\/v2\/pages"}],"about":[{"href":"https:\/\/vmeier.nl\/en\/wp-json\/wp\/v2\/types\/page"}],"author":[{"embeddable":true,"href":"https:\/\/vmeier.nl\/en\/wp-json\/wp\/v2\/users\/1"}],"replies":[{"embeddable":true,"href":"https:\/\/vmeier.nl\/en\/wp-json\/wp\/v2\/comments?post=19"}],"version-history":[{"count":0,"href":"https:\/\/vmeier.nl\/en\/wp-json\/wp\/v2\/pages\/19\/revisions"}],"wp:attachment":[{"href":"https:\/\/vmeier.nl\/en\/wp-json\/wp\/v2\/media?parent=19"}],"curies":[{"name":"wp","href":"https:\/\/api.w.org\/{rel}","templated":true}]}}