{"id":2719,"date":"2016-11-30T03:12:13","date_gmt":"2016-11-30T03:12:13","guid":{"rendered":"http:\/\/localhost:3000\/sitemap\/"},"modified":"2017-02-03T02:49:27","modified_gmt":"2017-02-03T02:49:27","slug":"sitemap","status":"publish","type":"page","link":"https:\/\/vmeier.nl\/tr\/sitemap\/","title":{"rendered":"Site haritas\u0131"},"content":{"rendered":"<p><span id=\"goog-gtc-unit-567\" class=\"goog-gtc-unit\"><span class=\"goog-gtc-translatable goog-gtc-from-human goog-gtc-unit-highlight\" dir=\"ltr\">T\u00fcm sayfalar\u0131 a\u015fa\u011f\u0131daki genel bak\u0131\u015fta bulabilirsiniz<\/span><\/span><\/p>\n","protected":false},"excerpt":{"rendered":"<p>T\u00fcm sayfalar\u0131 a\u015fa\u011f\u0131daki genel bak\u0131\u015fta bulabilirsiniz<\/p>\n","protected":false},"author":1,"featured_media":0,"parent":0,"menu_order":0,"comment_status":"closed","ping_status":"closed","template":"page_sitemap.php","meta":{"_expiration-date-status":"","_expiration-date":0,"_expiration-date-type":"","_expiration-date-categories":[],"_expiration-date-options":[]},"acf":[],"_links":{"self":[{"href":"https:\/\/vmeier.nl\/tr\/wp-json\/wp\/v2\/pages\/2719"}],"collection":[{"href":"https:\/\/vmeier.nl\/tr\/wp-json\/wp\/v2\/pages"}],"about":[{"href":"https:\/\/vmeier.nl\/tr\/wp-json\/wp\/v2\/types\/page"}],"author":[{"embeddable":true,"href":"https:\/\/vmeier.nl\/tr\/wp-json\/wp\/v2\/users\/1"}],"replies":[{"embeddable":true,"href":"https:\/\/vmeier.nl\/tr\/wp-json\/wp\/v2\/comments?post=2719"}],"version-history":[{"count":0,"href":"https:\/\/vmeier.nl\/tr\/wp-json\/wp\/v2\/pages\/2719\/revisions"}],"wp:attachment":[{"href":"https:\/\/vmeier.nl\/tr\/wp-json\/wp\/v2\/media?parent=2719"}],"curies":[{"name":"wp","href":"https:\/\/api.w.org\/{rel}","templated":true}]}}