{"id":2722,"date":"2016-11-27T04:43:46","date_gmt":"2016-11-27T04:43:46","guid":{"rendered":"http:\/\/localhost:3000\/wie-zijn-wij\/"},"modified":"2022-01-20T06:55:04","modified_gmt":"2022-01-20T05:55:04","slug":"wie-zijn-wij","status":"publish","type":"page","link":"https:\/\/vmeier.nl\/tr\/wie-zijn-wij\/","title":{"rendered":"Hakkimizda"},"content":{"rendered":"<p><span id=\"goog-gtc-unit-306\" class=\"goog-gtc-unit\"><span class=\"goog-gtc-translatable goog-gtc-from-human\" dir=\"ltr\">Pek \u00e7ok Hollandal\u0131, k\u00f6t\u00fc oturan veya eskimi\u015f takma di\u015flere sahiptir.<\/span><\/span> <span id=\"goog-gtc-unit-307\" class=\"goog-gtc-unit\"><span class=\"goog-gtc-translatable goog-gtc-from-human goog-gtc-unit-highlight\" dir=\"ltr\">Bu, \u00e7e\u015fitli g\u00fc\u00e7l\u00fcklere ve a\u011fr\u0131lara yol a\u00e7ar.<\/span><\/span> <span id=\"goog-gtc-unit-308\" class=\"goog-gtc-unit\"><span class=\"goog-gtc-translatable goog-gtc-from-human\" dir=\"ltr\">Siz de bu sorunlardan \u015fikayet\u00e7iyseniz Veringmeier Tandprotheticus&#8217;a yapaca\u011f\u0131n\u0131z bir ziyaret, sorunlar\u0131n\u0131z\u0131 \u00e7\u00f6zebilir.<\/span><\/span> <span id=\"goog-gtc-unit-309\" class=\"goog-gtc-unit\"><span class=\"goog-gtc-translatable goog-gtc-from-human\" dir=\"ltr\">Yeni teknikler ve malzemeler sayesinde, takma di\u015finizin daha iyi oturmas\u0131n\u0131 sa\u011flayabiliriz.<\/span><\/span> <span id=\"goog-gtc-unit-310\" class=\"goog-gtc-unit\"><span class=\"goog-gtc-translatable goog-gtc-from-human\" dir=\"ltr\">Veringmeier Tandprotheticus, takma di\u015f \u00f6l\u00e7\u00fcm\u00fc \u00fczerine uzmanla\u015fm\u0131\u015ft\u0131r ve gerekli t\u0131bbi bilgilere sahiptir.<\/span><\/span><\/p>\n<p><span id=\"goog-gtc-unit-311\" class=\"goog-gtc-unit\"><span class=\"goog-gtc-translatable goog-gtc-from-human\" dir=\"ltr\">Sa\u011fl\u0131k sigortac\u0131lar\u0131, di\u015f protezlerini sigorta paketleri kapsam\u0131na alm\u0131\u015ft\u0131r.<\/span><\/span> <span id=\"goog-gtc-unit-312\" class=\"goog-gtc-unit\"><span class=\"goog-gtc-translatable goog-gtc-from-human\" dir=\"ltr\">Veringmeier Tandprotheticus, size konuyla ilgili her t\u00fcrl\u00fc bilgiyi verebilir ve \u00fccretsiz dan\u0131\u015fmanl\u0131k hizmeti sunabilir.<\/span><\/span><\/p>\n","protected":false},"excerpt":{"rendered":"<p>Pek \u00e7ok Hollandal\u0131, k\u00f6t\u00fc oturan veya eskimi\u015f takma di\u015flere sahiptir. Bu, \u00e7e\u015fitli g\u00fc\u00e7l\u00fcklere ve a\u011fr\u0131lara yol a\u00e7ar. Siz de bu sorunlardan \u015fikayet\u00e7iyseniz Veringmeier Tandprotheticus&#8217;a yapaca\u011f\u0131n\u0131z bir ziyaret, sorunlar\u0131n\u0131z\u0131 \u00e7\u00f6zebilir. Yeni teknikler ve malzemeler sayesinde, takma di\u015finizin daha iyi oturmas\u0131n\u0131 sa\u011flayabiliriz. Veringmeier Tandprotheticus, takma di\u015f \u00f6l\u00e7\u00fcm\u00fc \u00fczerine uzmanla\u015fm\u0131\u015ft\u0131r ve gerekli t\u0131bbi bilgilere sahiptir. Sa\u011fl\u0131k sigortac\u0131lar\u0131, di\u015f [&hellip;]<\/p>\n","protected":false},"author":1,"featured_media":0,"parent":0,"menu_order":0,"comment_status":"closed","ping_status":"closed","template":"page_about.php","meta":{"_expiration-date-status":"","_expiration-date":0,"_expiration-date-type":"","_expiration-date-categories":[],"_expiration-date-options":[]},"acf":[],"_links":{"self":[{"href":"https:\/\/vmeier.nl\/tr\/wp-json\/wp\/v2\/pages\/2722"}],"collection":[{"href":"https:\/\/vmeier.nl\/tr\/wp-json\/wp\/v2\/pages"}],"about":[{"href":"https:\/\/vmeier.nl\/tr\/wp-json\/wp\/v2\/types\/page"}],"author":[{"embeddable":true,"href":"https:\/\/vmeier.nl\/tr\/wp-json\/wp\/v2\/users\/1"}],"replies":[{"embeddable":true,"href":"https:\/\/vmeier.nl\/tr\/wp-json\/wp\/v2\/comments?post=2722"}],"version-history":[{"count":3,"href":"https:\/\/vmeier.nl\/tr\/wp-json\/wp\/v2\/pages\/2722\/revisions"}],"predecessor-version":[{"id":3594,"href":"https:\/\/vmeier.nl\/tr\/wp-json\/wp\/v2\/pages\/2722\/revisions\/3594"}],"wp:attachment":[{"href":"https:\/\/vmeier.nl\/tr\/wp-json\/wp\/v2\/media?parent=2722"}],"curies":[{"name":"wp","href":"https:\/\/api.w.org\/{rel}","templated":true}]}}