{"id":2723,"date":"2016-11-27T04:44:13","date_gmt":"2016-11-27T04:44:13","guid":{"rendered":"http:\/\/localhost:3000\/behandelingen-en-vergoedingen\/"},"modified":"2026-01-07T11:35:47","modified_gmt":"2026-01-07T10:35:47","slug":"behandelingen-en-vergoedingen","status":"publish","type":"page","link":"https:\/\/vmeier.nl\/tr\/behandelingen-en-vergoedingen\/","title":{"rendered":"Tedaviler ve \u00fccretler"},"content":{"rendered":"<h4><span id=\"goog-gtc-unit-230\" class=\"goog-gtc-unit\"><span class=\"goog-gtc-translatable goog-gtc-from-human goog-gtc-unit-highlight\" dir=\"ltr\">Fiyatlar ve \u00f6deme<\/span><\/span><\/h4>\n<p><span id=\"goog-gtc-unit-231\" class=\"goog-gtc-unit\"><span class=\"goog-gtc-translatable goog-gtc-from-human goog-gtc-unit-highlight\" dir=\"ltr\">\u0130lk randevudaki bilgilendirme g\u00f6r\u00fc\u015fmesinde sizinle fiyatlar\u0131 konu\u015facak ve bunlarla ilgili \u015feffafl\u0131k sa\u011flayaca\u011f\u0131z. B\u00f6ylece, protezinizin maliyetini tam olacak bileceksiniz.<\/span><\/span><\/p>\n<p><span id=\"goog-gtc-unit-232\" class=\"goog-gtc-unit\"><span class=\"goog-gtc-translatable goog-gtc-from-human\" dir=\"ltr\">150 Euro&#8217;nun \u00fczerindeki tedavilerde size \u00f6nceden tahmini bir b\u00fct\u00e7e verilebilir.<\/span><\/span> <span id=\"goog-gtc-unit-233\" class=\"goog-gtc-unit\"><span class=\"goog-gtc-translatable goog-gtc-from-human\" dir=\"ltr\">Genellikle sigorta kapsam\u0131ndaki k\u0131sm\u0131, sigorta \u015firketinize bildiriyoruz.<\/span><\/span> <span id=\"goog-gtc-unit-234\" class=\"goog-gtc-unit\"><span class=\"goog-gtc-translatable goog-gtc-from-human\" dir=\"ltr\">Taraf\u0131n\u0131zdan \u00f6denmesi gereken \u00fccretleri do\u011frudan tedavinin tamamlanmas\u0131n\u0131n ard\u0131ndan \u00f6deyebilirsiniz.<\/span><\/span><\/p>\n","protected":false},"excerpt":{"rendered":"<p>Fiyatlar ve \u00f6deme \u0130lk randevudaki bilgilendirme g\u00f6r\u00fc\u015fmesinde sizinle fiyatlar\u0131 konu\u015facak ve bunlarla ilgili \u015feffafl\u0131k sa\u011flayaca\u011f\u0131z. B\u00f6ylece, protezinizin maliyetini tam olacak bileceksiniz. 150 Euro&#8217;nun \u00fczerindeki tedavilerde size \u00f6nceden tahmini bir b\u00fct\u00e7e verilebilir. Genellikle sigorta kapsam\u0131ndaki k\u0131sm\u0131, sigorta \u015firketinize bildiriyoruz. Taraf\u0131n\u0131zdan \u00f6denmesi gereken \u00fccretleri do\u011frudan tedavinin tamamlanmas\u0131n\u0131n ard\u0131ndan \u00f6deyebilirsiniz.<\/p>\n","protected":false},"author":1,"featured_media":0,"parent":0,"menu_order":0,"comment_status":"closed","ping_status":"closed","template":"page_fees.php","meta":{"_expiration-date-status":"","_expiration-date":0,"_expiration-date-type":"","_expiration-date-categories":[],"_expiration-date-options":[]},"acf":[],"_links":{"self":[{"href":"https:\/\/vmeier.nl\/tr\/wp-json\/wp\/v2\/pages\/2723"}],"collection":[{"href":"https:\/\/vmeier.nl\/tr\/wp-json\/wp\/v2\/pages"}],"about":[{"href":"https:\/\/vmeier.nl\/tr\/wp-json\/wp\/v2\/types\/page"}],"author":[{"embeddable":true,"href":"https:\/\/vmeier.nl\/tr\/wp-json\/wp\/v2\/users\/1"}],"replies":[{"embeddable":true,"href":"https:\/\/vmeier.nl\/tr\/wp-json\/wp\/v2\/comments?post=2723"}],"version-history":[{"count":6,"href":"https:\/\/vmeier.nl\/tr\/wp-json\/wp\/v2\/pages\/2723\/revisions"}],"predecessor-version":[{"id":3677,"href":"https:\/\/vmeier.nl\/tr\/wp-json\/wp\/v2\/pages\/2723\/revisions\/3677"}],"wp:attachment":[{"href":"https:\/\/vmeier.nl\/tr\/wp-json\/wp\/v2\/media?parent=2723"}],"curies":[{"name":"wp","href":"https:\/\/api.w.org\/{rel}","templated":true}]}}